{"id":34,"date":"2024-04-25T09:14:14","date_gmt":"2024-04-25T07:14:14","guid":{"rendered":"https:\/\/www.karvalan.com\/?page_id=34"},"modified":"2024-05-02T11:47:10","modified_gmt":"2024-05-02T09:47:10","slug":"servicios","status":"publish","type":"page","link":"https:\/\/www.karvalan.com\/?page_id=34","title":{"rendered":"Servicios"},"content":{"rendered":"<p>[vc_row height=\u00bbhuge\u00bb us_bg_image_source=\u00bbmedia\u00bb us_bg_image=\u00bb151&#8243; us_bg_overlay_color=\u00bbrgba(0,0,0,0.60)\u00bb us_shape_show_bottom=\u00bb1&#8243; us_shape_bottom=\u00bbtriangle\u00bb us_shape_height_bottom=\u00bb3rem\u00bb us_shape_color_bottom=\u00bb#F5F5F5&#8243; css=\u00bb%7B%22default%22%3A%7B%22background-color%22%3A%22rgba%280%2C0%2C0%2C0.01%29%22%2C%22background-image%22%3A%2241%22%2C%22background-position%22%3A%2250%25%22%2C%22background-size%22%3A%22cover%22%7D%7D\u00bb][vc_column link=\u00bb%7B%22url%22%3A%22%22%7D\u00bb][vc_row_inner content_placement=\u00bbmiddle\u00bb][vc_column_inner link=\u00bb%7B%22url%22%3A%22%22%7D\u00bb width=\u00bb1\/6&#8243;][\/vc_column_inner][vc_column_inner link=\u00bb%7B%22url%22%3A%22%22%7D\u00bb css=\u00bb%7B%22default%22%3A%7B%22animation-name%22%3A%22afr%22%2C%22animation-delay%22%3A%22150ms%22%7D%7D\u00bb width=\u00bb2\/3&#8243;][vc_column_text css=\u00bb%7B%22default%22%3A%7B%22color%22%3A%22%23ffffff%22%7D%7D\u00bb]<\/p>\n<h1 style=\"text-align: center;\">Nuestros Servicios de <span style=\"color: #89dbf0;\">Transporte<\/span> y <span style=\"color: #89dbf0;\">Log\u00edstica<\/span>.<\/h1>\n<p>[\/vc_column_text][\/vc_column_inner][vc_column_inner link=\u00bb%7B%22url%22%3A%22%22%7D\u00bb width=\u00bb1\/6&#8243;][\/vc_column_inner][\/vc_row_inner][us_separator size=\u00bbsmall\u00bb][vc_row_inner content_placement=\u00bbmiddle\u00bb][vc_column_inner width=\u00bb1\/4&#8243;][\/vc_column_inner][vc_column_inner width=\u00bb1\/2&#8243;][us_hwrapper alignment=\u00bbcenter\u00bb css=\u00bb%7B%22default%22%3A%7B%22animation-name%22%3A%22afb%22%2C%22animation-delay%22%3A%22150ms%22%7D%7D\u00bb][us_btn label=\u00bbSobre nosotros\u00bb link=\u00bb%7B%22url%22%3A%22%2Fsobre-nosotros%22%7D\u00bb][us_btn label=\u00bbContacto\u00bb link=\u00bb%7B%22url%22%3A%22%2Fcontacto%22%7D\u00bb style=\u00bb2&#8243;][\/us_hwrapper][\/vc_column_inner][vc_column_inner width=\u00bb1\/4&#8243;][\/vc_column_inner][\/vc_row_inner][\/vc_column][\/vc_row][vc_row css=\u00bb%7B%22default%22%3A%7B%22background-color%22%3A%22%23f5f5f5%22%2C%22background-image%22%3A%22185%22%2C%22background-position%22%3A%22264%25%2026%25%22%2C%22background-size%22%3A%2272%25%22%2C%22background-repeat%22%3A%22no-repeat%22%7D%2C%22laptops%22%3A%7B%22background-color%22%3A%22%23f5f5f5%22%2C%22background-image%22%3A%22185%22%2C%22background-position%22%3A%22264%25%2026%25%22%2C%22background-size%22%3A%2272%25%22%2C%22background-repeat%22%3A%22no-repeat%22%7D%2C%22tablets%22%3A%7B%22background-color%22%3A%22%23f5f5f5%22%2C%22background-image%22%3A%22185%22%2C%22background-position%22%3A%22264%25%2026%25%22%2C%22background-size%22%3A%2272%25%22%2C%22background-repeat%22%3A%22no-repeat%22%7D%2C%22mobiles%22%3A%7B%22background-color%22%3A%22%23f5f5f5%22%2C%22background-image%22%3A%22185%22%2C%22background-position%22%3A%22330%25%2010%25%22%2C%22background-size%22%3A%2278%25%22%2C%22background-repeat%22%3A%22no-repeat%22%7D%7D\u00bb][vc_column][vc_row_inner][vc_column_inner width=\u00bb1\/6&#8243;][\/vc_column_inner][vc_column_inner link=\u00bb%7B%22url%22%3A%22%22%7D\u00bb css=\u00bb%7B%22default%22%3A%7B%22animation-name%22%3A%22aft%22%2C%22animation-delay%22%3A%22150ms%22%7D%7D\u00bb width=\u00bb2\/3&#8243;][vc_custom_heading text=\u00bb\u00bfQu\u00e9 ofrecemos?\u00bb font_container=\u00bbtag:p|text_align:center\u00bb use_theme_fonts=\u00bbyes\u00bb css=\u00bb%7B%22default%22%3A%7B%22color%22%3A%22%23015D8F%22%2C%22text-transform%22%3A%22uppercase%22%2C%22margin-bottom%22%3A%22-20px%22%7D%7D\u00bb][vc_custom_heading text=\u00bbNuestros servicios\u00bb font_container=\u00bbtag:h2|text_align:center\u00bb use_theme_fonts=\u00bbyes\u00bb css=\u00bb%7B%22default%22%3A%7B%22font-size%22%3A%222.8rem%22%7D%2C%22mobiles%22%3A%7B%22font-size%22%3A%222.2rem%22%7D%7D\u00bb][vc_column_text css=\u00bb%7B%22default%22%3A%7B%22font-size%22%3A%221.1rem%22%7D%7D\u00bb]<\/p>\n<p style=\"text-align: center;\"><span style=\"color: #000000;\">En Karvalan Logistics S.L. ofrecemos una amplia gama de servicios especializados en transporte y log\u00edstica para satisfacer las necesidades de nuestros clientes. Desde el manejo eficiente en los aeropuertos hasta la distribuci\u00f3n nacional, estamos aqu\u00ed para proporcionar soluciones confiables y eficientes en cada etapa del proceso.<\/span><\/p>\n<p>[\/vc_column_text][\/vc_column_inner][vc_column_inner width=\u00bb1\/6&#8243;][\/vc_column_inner][\/vc_row_inner][\/vc_column][\/vc_row][vc_row content_placement=\u00bbmiddle\u00bb css=\u00bb%7B%22default%22%3A%7B%22background-color%22%3A%22%23f5f5f5%22%7D%7D\u00bb el_id=\u00bbaeropuerto\u00bb][vc_column width=\u00bb1\/2&#8243;][us_image image=\u00bb155&#8243; link=\u00bb%7B%22url%22%3A%22%22%7D\u00bb css=\u00bb%7B%22default%22%3A%7B%22border-radius%22%3A%221.5rem%22%2C%22animation-name%22%3A%22afb%22%7D%7D\u00bb][\/vc_column][vc_column link=\u00bb%7B%22url%22%3A%22%22%7D\u00bb css=\u00bb%7B%22default%22%3A%7B%22animation-name%22%3A%22afr%22%2C%22animation-delay%22%3A%22150ms%22%7D%7D\u00bb width=\u00bb1\/2&#8243;][vc_column_text]<\/p>\n<h2>Servicios Aeropuerto<\/h2>\n<p>[\/vc_column_text][us_separator size=\u00bbsmall\u00bb][vc_column_text]En <strong>Karvalan Logistics S.L.<\/strong>, nos esforzamos por brindar una experiencia fluida y segura en cada etapa de la cadena de suministro <strong>a\u00e9reo<\/strong>. Desde el manejo <strong>experto<\/strong> de la carga hasta el cumplimiento de las regulaciones de <strong>seguridad<\/strong>, nos aseguramos de que su carga llegue a su destino de manera <strong>eficiente<\/strong> y sin contratiempos. Con personal capacitado en <strong>Avsec<\/strong> y una flota de veh\u00edculos especializados equipados con <strong>roller beds<\/strong>, garantizamos la <strong>integridad<\/strong> y el cuidado de su carga en todo momento. Conf\u00ede en nosotros para hacer que sus operaciones aeroportuarias sean lo m\u00e1s <strong>eficientes<\/strong> y sin problemas posible.[\/vc_column_text][us_separator size=\u00bbsmall\u00bb][us_btn label=\u00bbCon\u00f3cenos m\u00e1s\u00bb link=\u00bb%7B%22url%22%3A%22%2Fsobre-nosotros%22%7D\u00bb][\/vc_column][\/vc_row][vc_row height=\u00bbsmall\u00bb css=\u00bb%7B%22default%22%3A%7B%22background-color%22%3A%22%23f5f5f5%22%2C%22animation-name%22%3A%22afb%22%2C%22animation-delay%22%3A%22150ms%22%7D%7D\u00bb][vc_column width=\u00bb1\/3&#8243;][us_iconbox icon=\u00bbfal|hand-sparkles\u00bb link=\u00bb%7B%22url%22%3A%22%22%7D\u00bb title=\u00bbHandling\u00bb title_tag=\u00bbh3&#8243; size=\u00bb3rem\u00bb css=\u00bb%7B%22default%22%3A%7B%22padding-left%22%3A%221.5rem%22%2C%22padding-top%22%3A%221.5rem%22%2C%22padding-bottom%22%3A%221.5rem%22%2C%22padding-right%22%3A%221.5rem%22%2C%22border-radius%22%3A%221.5rem%22%7D%7D\u00bb]Manejo experto de la carga para garantizar una operaci\u00f3n aeroportuaria eficiente.[\/us_iconbox][\/vc_column][vc_column width=\u00bb1\/3&#8243;][us_iconbox icon=\u00bbfal|person-dolly-empty\u00bb link=\u00bb%7B%22url%22%3A%22%22%7D\u00bb title=\u00bbPersonal con Avsec\u00bb title_tag=\u00bbh3&#8243; size=\u00bb3rem\u00bb css=\u00bb%7B%22default%22%3A%7B%22padding-left%22%3A%221.5rem%22%2C%22padding-top%22%3A%221.5rem%22%2C%22padding-bottom%22%3A%221.5rem%22%2C%22padding-right%22%3A%221.5rem%22%2C%22border-radius%22%3A%221.5rem%22%7D%7D\u00bb]Profesionales capacitados en seguridad de la aviaci\u00f3n para proteger la integridad de su carga.[\/us_iconbox][\/vc_column][vc_column width=\u00bb1\/3&#8243;][us_iconbox icon=\u00bbfar|truck\u00bb link=\u00bb%7B%22url%22%3A%22%22%7D\u00bb title=\u00bbRoller Bed\u00bb title_tag=\u00bbh3&#8243; size=\u00bb3rem\u00bb css=\u00bb%7B%22default%22%3A%7B%22padding-left%22%3A%221.5rem%22%2C%22padding-top%22%3A%221.5rem%22%2C%22padding-bottom%22%3A%221.5rem%22%2C%22padding-right%22%3A%221.5rem%22%2C%22border-radius%22%3A%221.5rem%22%7D%7D\u00bb]Veh\u00edculos equipados con roller beds para una recogida segura y eficiente de la carga a\u00e9rea.[\/us_iconbox][\/vc_column][\/vc_row][vc_row us_bg_overlay_color=\u00bbrgba(1,93,143,0.65)\u00bb css=\u00bb%7B%22default%22%3A%7B%22color%22%3A%22%23ffffff%22%2C%22background-color%22%3A%22%23f5f5f5%22%2C%22background-image%22%3A%22164%22%2C%22background-position%22%3A%2250%25%22%2C%22background-size%22%3A%22cover%22%2C%22animation-name%22%3A%22afc%22%2C%22animation-delay%22%3A%22150ms%22%7D%2C%22laptops%22%3A%7B%22color%22%3A%22%23ffffff%22%7D%2C%22tablets%22%3A%7B%22color%22%3A%22%23ffffff%22%7D%2C%22mobiles%22%3A%7B%22color%22%3A%22%23ffffff%22%7D%7D\u00bb][vc_column link=\u00bb%7B%22url%22%3A%22%22%7D\u00bb][vc_column_text css=\u00bb%7B%22default%22%3A%7B%22color%22%3A%22%23ffffff%22%7D%7D\u00bb]<\/p>\n<h2 style=\"text-align: center;\">No dejes escapar el trayecto m\u00e1s seguro.<\/h2>\n<p>[\/vc_column_text][vc_column_text]<\/p>\n<p style=\"text-align: center;\">P\u00f3ngase en contacto con nuestro equipo y comencemos a trabajar juntos.<\/p>\n<p>[\/vc_column_text][us_separator size=\u00bbsmall\u00bb][us_hwrapper alignment=\u00bbcenter\u00bb valign=\u00bbmiddle\u00bb inner_items_gap=\u00bb1.20rem\u00bb][us_btn label=\u00bb\u00a1Cont\u00e1ctanos!\u00bb link=\u00bb%7B%22url%22%3A%22%2Fcontacto%22%7D\u00bb style=\u00bb4&#8243;][us_btn label=\u00bb\u00bb link=\u00bb%7B%22url%22%3A%22tel%3A%2B34911138016%22%7D\u00bb style=\u00bb3&#8243; icon=\u00bbfas|phone\u00bb][\/us_hwrapper][\/vc_column][\/vc_row][vc_row content_placement=\u00bbmiddle\u00bb columns_reverse=\u00bb1&#8243; css=\u00bb%7B%22default%22%3A%7B%22background-color%22%3A%22%23F5F5F5%22%7D%7D\u00bb el_id=\u00bblogistica\u00bb][vc_column link=\u00bb%7B%22url%22%3A%22%22%7D\u00bb css=\u00bb%7B%22default%22%3A%7B%22animation-name%22%3A%22afl%22%2C%22animation-delay%22%3A%22150ms%22%7D%7D\u00bb width=\u00bb1\/2&#8243;][vc_column_text]<\/p>\n<h2>Servicios Log\u00edsticos<\/h2>\n<p>[\/vc_column_text][us_separator size=\u00bbsmall\u00bb][vc_column_text]En <strong>Karvalan Logistics S.L.<\/strong>, nos comprometemos a brindar soluciones <strong>log\u00edsticas integrales<\/strong> y <strong>eficientes<\/strong> para satisfacer las demandas de nuestros clientes en cada etapa de su <strong>cadena de suministro<\/strong>. Desde el <strong>almacenaje seguro<\/strong> y <strong>flexible<\/strong> en nuestras instalaciones en Madrid y Barcelona, hasta el proceso de <strong>cross docking<\/strong> que optimiza la transici\u00f3n de la mercanc\u00eda, y nuestra red de <strong>distribuci\u00f3n nacional<\/strong> que garantiza <strong>entregas puntuales<\/strong> en todo el pa\u00eds, estamos aqu\u00ed para hacer que su log\u00edstica sea lo m\u00e1s <strong>eficiente<\/strong> y <strong>confiable<\/strong> posible. Con <strong>tecnolog\u00eda de vanguardia<\/strong> y un equipo <strong>dedicado<\/strong>, nos aseguramos de que su mercanc\u00eda llegue a su destino final de manera <strong>r\u00e1pida<\/strong> y sin problemas.[\/vc_column_text][us_separator size=\u00bbsmall\u00bb][us_btn label=\u00bbCont\u00e1ctanos\u00bb link=\u00bb%7B%22url%22%3A%22%2Fcontacto%22%7D\u00bb][\/vc_column][vc_column width=\u00bb1\/2&#8243;][us_image image=\u00bb159&#8243; link=\u00bb%7B%22url%22%3A%22%22%7D\u00bb css=\u00bb%7B%22default%22%3A%7B%22border-radius%22%3A%221.5rem%22%2C%22animation-name%22%3A%22afb%22%7D%7D\u00bb][\/vc_column][\/vc_row][vc_row height=\u00bbsmall\u00bb css=\u00bb%7B%22default%22%3A%7B%22background-color%22%3A%22%23F5F5F5%22%7D%7D\u00bb][vc_column][vc_row_inner css=\u00bb%7B%22default%22%3A%7B%22animation-name%22%3A%22afl%22%2C%22animation-delay%22%3A%22250ms%22%7D%7D\u00bb][vc_column_inner link=\u00bb%7B%22url%22%3A%22%22%7D\u00bb width=\u00bb1\/5&#8243;][us_iconbox icon=\u00bbfal|seedling\u00bb link=\u00bb%7B%22url%22%3A%22%22%7D\u00bb color=\u00bbsecondary\u00bb size=\u00bb3rem\u00bb css=\u00bb%7B%22default%22%3A%7B%22background-color%22%3A%22%2378C2E2%22%2C%22padding-left%22%3A%221.5rem%22%2C%22padding-top%22%3A%221.5rem%22%2C%22padding-bottom%22%3A%221.5rem%22%2C%22padding-right%22%3A%221.5rem%22%2C%22border-radius%22%3A%221.5rem%22%7D%7D\u00bb]Instalaciones modernas y seguras en Madrid y Barcelona.[\/us_iconbox][\/vc_column_inner][vc_column_inner width=\u00bb1\/5&#8243;][us_iconbox icon=\u00bbfal|warehouse\u00bb link=\u00bb%7B%22url%22%3A%22%22%7D\u00bb color=\u00bbsecondary\u00bb size=\u00bb3rem\u00bb css=\u00bb%7B%22default%22%3A%7B%22background-color%22%3A%22%2378C2E2%22%2C%22padding-left%22%3A%221.5rem%22%2C%22padding-top%22%3A%221.5rem%22%2C%22padding-bottom%22%3A%221.5rem%22%2C%22padding-right%22%3A%221.5rem%22%2C%22border-radius%22%3A%221.5rem%22%7D%7D\u00bb]Flexibilidad para diversas necesidades de almacenamiento.[\/us_iconbox][\/vc_column_inner][vc_column_inner width=\u00bb1\/5&#8243;][us_iconbox icon=\u00bbfar|mistletoe\u00bb link=\u00bb%7B%22url%22%3A%22%22%7D\u00bb color=\u00bbsecondary\u00bb size=\u00bb3rem\u00bb css=\u00bb%7B%22default%22%3A%7B%22background-color%22%3A%22%2378C2E2%22%2C%22padding-left%22%3A%221.5rem%22%2C%22padding-top%22%3A%221.5rem%22%2C%22padding-bottom%22%3A%221.5rem%22%2C%22padding-right%22%3A%221.5rem%22%2C%22border-radius%22%3A%221.5rem%22%7D%7D\u00bb]Proceso optimizado para una transici\u00f3n eficiente de la mercanc\u00eda.[\/us_iconbox][\/vc_column_inner][vc_column_inner width=\u00bb1\/5&#8243;][us_iconbox icon=\u00bbfar|truck-moving\u00bb link=\u00bb%7B%22url%22%3A%22%22%7D\u00bb color=\u00bbsecondary\u00bb size=\u00bb3rem\u00bb css=\u00bb%7B%22default%22%3A%7B%22background-color%22%3A%22%2378C2E2%22%2C%22padding-left%22%3A%221.5rem%22%2C%22padding-top%22%3A%221.5rem%22%2C%22padding-bottom%22%3A%221.5rem%22%2C%22padding-right%22%3A%221.5rem%22%2C%22border-radius%22%3A%221.5rem%22%7D%7D\u00bb]Flota moderna y confiable para entregas puntuales en todo el pa\u00eds.[\/us_iconbox][\/vc_column_inner][vc_column_inner width=\u00bb1\/5&#8243;][us_iconbox icon=\u00bbfar|comment-check\u00bb link=\u00bb%7B%22url%22%3A%22%22%7D\u00bb color=\u00bbsecondary\u00bb size=\u00bb3rem\u00bb css=\u00bb%7B%22default%22%3A%7B%22background-color%22%3A%22%2378C2E2%22%2C%22padding-left%22%3A%221.5rem%22%2C%22padding-top%22%3A%221.5rem%22%2C%22padding-bottom%22%3A%221.5rem%22%2C%22padding-right%22%3A%221.5rem%22%2C%22border-radius%22%3A%221.5rem%22%7D%7D\u00bb]Cobertura nacional amplia, eficiente y confiable en todo el territorio.[\/us_iconbox][\/vc_column_inner][\/vc_row_inner][\/vc_column][\/vc_row]<\/p>\n","protected":false},"excerpt":{"rendered":"<p>[vc_row height=\u00bbhuge\u00bb us_bg_image_source=\u00bbmedia\u00bb us_bg_image=\u00bb151&#8243; us_bg_overlay_color=\u00bbrgba(0,0,0,0.60)\u00bb us_shape_show_bottom=\u00bb1&#8243; us_shape_bottom=\u00bbtriangle\u00bb us_shape_height_bottom=\u00bb3rem\u00bb us_shape_color_bottom=\u00bb#F5F5F5&#8243; css=\u00bb%7B%22default%22%3A%7B%22background-color%22%3A%22rgba%280%2C0%2C0%2C0.01%29%22%2C%22background-image%22%3A%2241%22%2C%22background-position%22%3A%2250%25%22%2C%22background-size%22%3A%22cover%22%7D%7D\u00bb][vc_column link=\u00bb%7B%22url%22%3A%22%22%7D\u00bb][vc_row_inner content_placement=\u00bbmiddle\u00bb][vc_column_inner link=\u00bb%7B%22url%22%3A%22%22%7D\u00bb width=\u00bb1\/6&#8243;][\/vc_column_inner][vc_column_inner link=\u00bb%7B%22url%22%3A%22%22%7D\u00bb css=\u00bb%7B%22default%22%3A%7B%22animation-name%22%3A%22afr%22%2C%22animation-delay%22%3A%22150ms%22%7D%7D\u00bb width=\u00bb2\/3&#8243;][vc_column_text css=\u00bb%7B%22default%22%3A%7B%22color%22%3A%22%23ffffff%22%7D%7D\u00bb] Nuestros Servicios [&hellip;]<\/p>\n","protected":false},"author":1,"featured_media":0,"parent":0,"menu_order":0,"comment_status":"closed","ping_status":"closed","template":"","meta":{"site-sidebar-layout":"default","site-content-layout":"","ast-site-content-layout":"default","site-content-style":"default","site-sidebar-style":"default","ast-global-header-display":"","ast-banner-title-visibility":"","ast-main-header-display":"","ast-hfb-above-header-display":"","ast-hfb-below-header-display":"","ast-hfb-mobile-header-display":"","site-post-title":"","ast-breadcrumbs-content":"","ast-featured-img":"","footer-sml-layout":"","theme-transparent-header-meta":"","adv-header-id-meta":"","stick-header-meta":"","header-above-stick-meta":"","header-main-stick-meta":"","header-below-stick-meta":"","astra-migrate-meta-layouts":"default","ast-page-background-enabled":"default","ast-page-background-meta":{"desktop":{"background-color":"var(--ast-global-color-5)","background-image":"","background-repeat":"repeat","background-position":"center center","background-size":"auto","background-attachment":"scroll","background-type":"","background-media":"","overlay-type":"","overlay-color":"","overlay-opacity":"","overlay-gradient":""},"tablet":{"background-color":"","background-image":"","background-repeat":"repeat","background-position":"center center","background-size":"auto","background-attachment":"scroll","background-type":"","background-media":"","overlay-type":"","overlay-color":"","overlay-opacity":"","overlay-gradient":""},"mobile":{"background-color":"","background-image":"","background-repeat":"repeat","background-position":"center center","background-size":"auto","background-attachment":"scroll","background-type":"","background-media":"","overlay-type":"","overlay-color":"","overlay-opacity":"","overlay-gradient":""}},"ast-content-background-meta":{"desktop":{"background-color":"var(--ast-global-color-4)","background-image":"","background-repeat":"repeat","background-position":"center center","background-size":"auto","background-attachment":"scroll","background-type":"","background-media":"","overlay-type":"","overlay-color":"","overlay-opacity":"","overlay-gradient":""},"tablet":{"background-color":"var(--ast-global-color-4)","background-image":"","background-repeat":"repeat","background-position":"center center","background-size":"auto","background-attachment":"scroll","background-type":"","background-media":"","overlay-type":"","overlay-color":"","overlay-opacity":"","overlay-gradient":""},"mobile":{"background-color":"var(--ast-global-color-4)","background-image":"","background-repeat":"repeat","background-position":"center center","background-size":"auto","background-attachment":"scroll","background-type":"","background-media":"","overlay-type":"","overlay-color":"","overlay-opacity":"","overlay-gradient":""}},"footnotes":""},"class_list":["post-34","page","type-page","status-publish","hentry"],"_links":{"self":[{"href":"https:\/\/www.karvalan.com\/index.php?rest_route=\/wp\/v2\/pages\/34","targetHints":{"allow":["GET"]}}],"collection":[{"href":"https:\/\/www.karvalan.com\/index.php?rest_route=\/wp\/v2\/pages"}],"about":[{"href":"https:\/\/www.karvalan.com\/index.php?rest_route=\/wp\/v2\/types\/page"}],"author":[{"embeddable":true,"href":"https:\/\/www.karvalan.com\/index.php?rest_route=\/wp\/v2\/users\/1"}],"replies":[{"embeddable":true,"href":"https:\/\/www.karvalan.com\/index.php?rest_route=%2Fwp%2Fv2%2Fcomments&post=34"}],"version-history":[{"count":48,"href":"https:\/\/www.karvalan.com\/index.php?rest_route=\/wp\/v2\/pages\/34\/revisions"}],"predecessor-version":[{"id":281,"href":"https:\/\/www.karvalan.com\/index.php?rest_route=\/wp\/v2\/pages\/34\/revisions\/281"}],"wp:attachment":[{"href":"https:\/\/www.karvalan.com\/index.php?rest_route=%2Fwp%2Fv2%2Fmedia&parent=34"}],"curies":[{"name":"wp","href":"https:\/\/api.w.org\/{rel}","templated":true}]}}